{"id":1064,"date":"2019-03-08T12:55:14","date_gmt":"2019-03-08T12:55:14","guid":{"rendered":"https:\/\/ttre.be\/fixtech\/fixtech-test1\/?page_id=1064"},"modified":"2020-10-07T08:59:14","modified_gmt":"2020-10-07T08:59:14","slug":"contact-to-go-tech-recycl","status":"publish","type":"page","link":"https:\/\/ttre.be\/index.php\/contact-to-go-tech-recycl\/","title":{"rendered":"Contact"},"content":{"rendered":"<p>[vc_row tm_bgimagefixed=&#8221;&#8221; break_in_responsive=&#8221;991&#8243; full_width=&#8221;stretch_row&#8221; css=&#8221;.vc_custom_1553343932299{margin-top: -82px !important;padding-top: 0px !important;padding-bottom: 0px !important;background-image: url(https:\/\/ttre.be\/fixtech\/fixtech-test1\/wp-content\/uploads\/2019\/03\/col-bg-five.jpg?id=1120) !important;background-position: 0 0 !important;background-repeat: repeat !important;}&#8221;][vc_column][vc_separator color=&#8221;green&#8221; border_width=&#8221;2&#8243;][vc_row_inner css=&#8221;.vc_custom_1552989127462{margin-right: -50% !important;}&#8221; tm_responsive_css=&#8221;32392572|colbreak_no|||||||||colbreak_no||0px|||||||colbreak_no||||||||||colbreak_no|||||||||&#8221;][vc_column_inner width=&#8221;1\/3&#8243; css=&#8221;.vc_custom_1552988911551{padding-top: 90px !important;padding-right: 80px !important;padding-bottom: 75px !important;}&#8221; tm_responsive_css=&#8221;15132636|colbreak_no|||||||||colbreak_no|||||40px|15px|25px||colbreak_no||||||||||colbreak_no|||||||||&#8221;]<div class=\"tm-element-heading-wrapper tm-heading-inner tm-element-align-left tm-seperator-none tm-heading-style-vertical tm-overlay-subheading\"><section class=\"tm-vc_cta3-container\"><div class=\"tm-vc_general tm-vc_cta3 tm-cta3-only tm-vc_cta3-style-classic tm-vc_cta3-shape-rounded tm-vc_cta3-align-left tm-vc_cta3-color-transparent tm-vc_cta3-icon-size-md tm-vc_cta3-actions-no tm-cta3-without-desc\"><div class=\"tm-vc_cta3_content-container\"><div class=\"tm-vc_cta3-content\"><header class=\"tm-vc_cta3-content-header tm-wrap\"><div class=\"tm-vc_cta3-headers tm-wrap-cell\"><h4 class=\"tm-custom-heading \" >TOGO TECHS RECYCL<\/h4>\n<h2 class=\"tm-custom-heading \" >Nos bureaux<\/h2>\n<\/div><\/header><\/div><\/div><\/div><\/section><\/div> <!-- .tm-element-heading-wrapper container --> <div class=\"tm-sbox tm-sbox-iconalign-left-spacing none tm-sbox-bgcolor-transparent tm-bgcolor-transparent tm-sbox-textcolor- tm-textcolor- tm-sbox-isize-sm tm-sbox-isize-sm tm-sbox-istyle-none  tm-sbox-both-headings ttm-service-box-separator\"><section class=\"tm-vc_cta3-container\"><div class=\"tm-vc_general tm-vc_cta3 tm-vc_cta3-align-left tm-vc_cta3-icon-size-sm tm-vc_cta3-icons-left tm-vc_cta3-actions-no\"><div class=\"tm-vc_cta3-icons tm-wrap-cell\"><div class=\"tm-vc_icon_element tm-vc_icon_element-outer tm-vc_icon_element-align-left \"><div class=\"tm-vc_icon_element-inner  tm-vc_icon_element-color-skincolor tm-vc_icon_element-size-sm tm-vc_icon_element-style-none tm-vc_icon_element-background-color-grey\" ><span class=\"tm-vc_icon_element-icon themifyicon ti-location-pin\" ><\/span><\/div><\/div><\/div><div class=\"tm-vc_cta3_content-container\"><div class=\"tm-vc_cta3-content\"><div class=\"tm-vc_cta3-content-header tm-wrap\"><div class=\"tm-vc_cta3-headers tm-wrap-cell\"><h2 style=\"font-size:18px;\" class=\"tm-custom-heading \" >Addresse<\/h2>\n<h4 style=\"font-size:15px;color:#7d7d7d;font-family:'Open Sans',Arial,Helvetica;font-weight:400;\" class=\"tm-custom-heading \" >Rue Dieudonn\u00e9 Lef\u00e8vre 37.6, 1020 Laeken, GREENBIZZ.BRUSSELS\/ Bruxelles, BELGIQUE<\/h4>\n<\/div><\/div><\/div><div class=\"tm-cta3-desc-btn-wrapper\"><div class=\"tm-cta3-description\"><\/div><\/div><\/div><\/div><\/section><\/div><div class=\"tm-sbox tm-sbox-iconalign-left-spacing none tm-sbox-bgcolor-transparent tm-bgcolor-transparent tm-sbox-textcolor- tm-textcolor- tm-sbox-isize-sm tm-sbox-isize-sm tm-sbox-istyle-none  tm-sbox-both-headings ttm-service-box-separator\"><section class=\"tm-vc_cta3-container\"><div class=\"tm-vc_general tm-vc_cta3 tm-vc_cta3-align-left tm-vc_cta3-icon-size-sm tm-vc_cta3-icons-left tm-vc_cta3-actions-no\"><div class=\"tm-vc_cta3-icons tm-wrap-cell\"><div class=\"tm-vc_icon_element tm-vc_icon_element-outer tm-vc_icon_element-align-left \"><div class=\"tm-vc_icon_element-inner  tm-vc_icon_element-color-skincolor tm-vc_icon_element-size-sm tm-vc_icon_element-style-none tm-vc_icon_element-background-color-grey\" ><span class=\"tm-vc_icon_element-icon themifyicon ti-email\" ><\/span><\/div><\/div><\/div><div class=\"tm-vc_cta3_content-container\"><div class=\"tm-vc_cta3-content\"><div class=\"tm-vc_cta3-content-header tm-wrap\"><div class=\"tm-vc_cta3-headers tm-wrap-cell\"><h2 style=\"font-size:18px;\" class=\"tm-custom-heading \" >Email<\/h2>\n<h4 style=\"font-size:15px;color:#7d7d7d;font-family:'Open Sans',Arial,Helvetica;font-weight:400;\" class=\"tm-custom-heading \" >info@ttre.be<\/h4>\n<\/div><\/div><\/div><div class=\"tm-cta3-desc-btn-wrapper\"><div class=\"tm-cta3-description\"><\/div><\/div><\/div><\/div><\/section><\/div><div class=\"tm-sbox tm-sbox-iconalign-left-spacing none tm-sbox-bgcolor-transparent tm-bgcolor-transparent tm-sbox-textcolor- tm-textcolor- tm-sbox-isize-sm tm-sbox-isize-sm tm-sbox-istyle-none  tm-sbox-both-headings ttm-service-box-separator\"><section class=\"tm-vc_cta3-container\"><div class=\"tm-vc_general tm-vc_cta3 tm-vc_cta3-align-left tm-vc_cta3-icon-size-sm tm-vc_cta3-icons-left tm-vc_cta3-actions-no\"><div class=\"tm-vc_cta3-icons tm-wrap-cell\"><div class=\"tm-vc_icon_element tm-vc_icon_element-outer tm-vc_icon_element-align-left \"><div class=\"tm-vc_icon_element-inner  tm-vc_icon_element-color-skincolor tm-vc_icon_element-size-sm tm-vc_icon_element-style-none tm-vc_icon_element-background-color-grey\" ><span class=\"tm-vc_icon_element-icon themifyicon ti-headphone\" ><\/span><\/div><\/div><\/div><div class=\"tm-vc_cta3_content-container\"><div class=\"tm-vc_cta3-content\"><div class=\"tm-vc_cta3-content-header tm-wrap\"><div class=\"tm-vc_cta3-headers tm-wrap-cell\"><h2 style=\"font-size:18px;\" class=\"tm-custom-heading \" >T\u00e9l\u00e9phone<\/h2>\n<h4 style=\"font-size:15px;color:#7d7d7d;font-family:'Open Sans',Arial,Helvetica;font-weight:400;\" class=\"tm-custom-heading \" >+32 (0)22 01 34 34<br \/>\n+32 499 30 20 67<\/h4>\n<\/div><\/div><\/div><div class=\"tm-cta3-desc-btn-wrapper\"><div class=\"tm-cta3-description\"><\/div><\/div><\/div><\/div><\/section><\/div>[\/vc_column_inner][vc_column_inner width=&#8221;2\/3&#8243; tm_responsive_css=&#8221;75505389|colbreak_no|||||||||colbreak_no||||||0px||0px|colbreak_no||||||||||colbreak_no|||||||||&#8221;][vc_single_image image=&#8221;2130&#8243; img_size=&#8221;800&#215;600&#8243;][\/vc_column_inner][\/vc_row_inner][\/vc_column][\/vc_row][vc_row tm_bgcolor=&#8221;white&#8221; tm_bgimagefixed=&#8221;&#8221; full_width=&#8221;stretch_row&#8221; css=&#8221;.vc_custom_1552989049285{padding-top: 60px !important;padding-bottom: 100px !important;}&#8221; tm_responsive_css=&#8221;85688432|colbreak_no|||||||||colbreak_no|||||||||colbreak_no|||||35px||55px|||colbreak_no|||||||||&#8221;][vc_column][vc_row_inner][vc_column_inner]<div class=\"tm-element-heading-wrapper tm-heading-inner tm-element-align-center tm-seperator-none tm-heading-style-vertical tm-overlay-subheading\"><section class=\"tm-vc_cta3-container\"><div class=\"tm-vc_general tm-vc_cta3 tm-cta3-only tm-vc_cta3-style-classic tm-vc_cta3-shape-rounded tm-vc_cta3-align-center tm-vc_cta3-color-transparent tm-vc_cta3-icon-size-md tm-vc_cta3-actions-no tm-cta3-with-desc\"><div class=\"tm-vc_cta3_content-container\"><div class=\"tm-vc_cta3-content\"><header class=\"tm-vc_cta3-content-header tm-wrap\"><div class=\"tm-vc_cta3-headers tm-wrap-cell\"><h4 class=\"tm-custom-heading \" >ENQU\u00caTE<\/h4>\n<h2 class=\"tm-custom-heading \" >Formulaire de Contact<\/h2>\n<\/div><\/header><div class=\"tm-cta3-content-wrapper\"><p>N\u2019h\u00e9sitez-pas \u00e0 nous contacter gr\u00e2ce \u00e0 ce formulaire.<br \/>\nNous vous r\u00e9pondrons dans les plus brefs d\u00e9lais<\/p><\/div><\/div><\/div><\/div><\/section><\/div> <!-- .tm-element-heading-wrapper container --> [\/vc_column_inner][\/vc_row_inner][vc_row_inner][vc_column_inner width=&#8221;1\/6&#8243;][\/vc_column_inner][vc_column_inner width=&#8221;2\/3&#8243;]\n<div class=\"wpcf7 no-js\" id=\"wpcf7-f1116-o1\" lang=\"en-US\" dir=\"ltr\">\n<div class=\"screen-reader-response\"><p role=\"status\" aria-live=\"polite\" aria-atomic=\"true\"><\/p> <ul><\/ul><\/div>\n<form action=\"\/index.php\/wp-json\/wp\/v2\/pages\/1064#wpcf7-f1116-o1\" method=\"post\" class=\"wpcf7-form init\" aria-label=\"Contact form\" enctype=\"multipart\/form-data\" novalidate=\"novalidate\" data-status=\"init\">\n<div style=\"display: none;\">\n<input type=\"hidden\" name=\"_wpcf7\" value=\"1116\" \/>\n<input type=\"hidden\" name=\"_wpcf7_version\" value=\"5.8.1\" \/>\n<input type=\"hidden\" name=\"_wpcf7_locale\" value=\"en_US\" \/>\n<input type=\"hidden\" name=\"_wpcf7_unit_tag\" value=\"wpcf7-f1116-o1\" \/>\n<input type=\"hidden\" name=\"_wpcf7_container_post\" value=\"0\" \/>\n<input type=\"hidden\" name=\"_wpcf7_posted_data_hash\" value=\"\" \/>\n<\/div>\n<div class=\"tm-commonform tm-contact-formone\">\n\t<div class=\"row\">\n\t\t<div class=\"col-md-6\">\n\t\t\t<p><span class=\"wpcf7-form-control-wrap\" data-name=\"your-name\"><input size=\"40\" class=\"wpcf7-form-control wpcf7-text wpcf7-validates-as-required\" aria-required=\"true\" aria-invalid=\"false\" placeholder=\"Nom Complet\" value=\"\" type=\"text\" name=\"your-name\" \/><\/span>\n\t\t\t<\/p>\n\t\t<\/div>\n\t\t<div class=\"col-md-6\">\n\t\t\t<p><span class=\"wpcf7-form-control-wrap\" data-name=\"your-subject\"><input size=\"40\" class=\"wpcf7-form-control wpcf7-text wpcf7-validates-as-required\" aria-required=\"true\" aria-invalid=\"false\" placeholder=\"Votre Demande\" value=\"\" type=\"text\" name=\"your-subject\" \/><\/span>\n\t\t\t<\/p>\n\t\t<\/div>\n\t<\/div>\n\t<div class=\"row\">\n\t\t<div class=\"col-md-6\">\n\t\t\t<p><span class=\"wpcf7-form-control-wrap\" data-name=\"your-email\"><input size=\"40\" class=\"wpcf7-form-control wpcf7-email wpcf7-validates-as-required wpcf7-text wpcf7-validates-as-email\" aria-required=\"true\" aria-invalid=\"false\" placeholder=\"Votre e-mail\" value=\"\" type=\"email\" name=\"your-email\" \/><\/span>\n\t\t\t<\/p>\n\t\t<\/div>\n\t\t<div class=\"col-md-6\">\n\t\t\t<p><span class=\"wpcf7-form-control-wrap\" data-name=\"your-phone\"><input size=\"40\" class=\"wpcf7-form-control wpcf7-text\" aria-invalid=\"false\" placeholder=\"Votre T\u00e9l\u00e9phone\" value=\"\" type=\"text\" name=\"your-phone\" \/><\/span>\n\t\t\t<\/p>\n\t\t<\/div>\n\t<\/div>\n\t<div class=\"row\">\n\t\t<div class=\"col-md-12\">\n\t\t\t<p><span class=\"wpcf7-form-control-wrap\" data-name=\"your-message\"><textarea cols=\"40\" rows=\"4\" class=\"wpcf7-form-control wpcf7-textarea wpcf7-validates-as-required\" aria-required=\"true\" aria-invalid=\"false\" placeholder=\"Message\" name=\"your-message\"><\/textarea><\/span>\n\t\t\t<\/p>\n\t\t<\/div>\n\t<\/div>\n\t<p><span class=\"wpcf7-form-control-wrap\" data-name=\"file-811\"><input size=\"40\" class=\"wpcf7-form-control wpcf7-file\" accept=\".doc,.pdf,.csv,.txt,.docm,.docx,.odt,.gif,.jpg,.png\" aria-invalid=\"false\" type=\"file\" name=\"file-811\" \/><\/span>\n\t<\/p>\n<\/div>\n<div class=\"tm-textalign-center\">\n\t<p><input class=\"wpcf7-form-control wpcf7-submit has-spinner tm-vc_general tm-vc_btn3 tm-vc_btn3-style-flat tm-vc_btn3-shape-round tm-vc_btn3-color-skincolor\" type=\"submit\" value=\"Envoyer!\" \/>\n\t<div class=\"wpcf7-response-output\" aria-hidden=\"true\"><\/div>\n<\/div>\n\n<\/form>\n<\/div>\n[\/vc_column_inner][vc_column_inner width=&#8221;1\/6&#8243;][\/vc_column_inner][\/vc_row_inner][vc_column_text]Les donn\u00e9es personnelles que vous nous avez communiqu\u00e9es sont n\u00e9cessaires pour les traitements informatiques li\u00e9s \u00e0 la gestion de votre demande. Vous pouvez, \u00e0 tout moment, exercer vos droits d\u2019acc\u00e8s, de rectification, d\u2019interrogation ou d\u2019opposition concernant vos donn\u00e9es personnelles par courrier adress\u00e9 \u00e0 TOGO TECHS RECYCL \u2013 Rue Dieudonn\u00e9 Lef\u00e8vre 37.6, 1020 Laeken, Bruxelles, BELGIQUE, Belgique ou par email \u00e0 : <a href=\"mailto:info@ttre.be\">info@ttre.be<\/a>[\/vc_column_text][\/vc_column][\/vc_row]<\/p>\n","protected":false},"excerpt":{"rendered":"<p>[vc_row tm_bgimagefixed=&#8221;&#8221; break_in_responsive=&#8221;991&#8243; full_width=&#8221;stretch_row&#8221; css=&#8221;.vc_custom_1553343932299{margin-top: -82px !important;padding-top: 0px !important;padding-bottom: 0px !important;background-image: url(https:\/\/ttre.be\/fixtech\/fixtech-test1\/wp-content\/uploads\/2019\/03\/col-bg-five.jpg?id=1120) !important;background-position: 0 0 !important;background-repeat: repeat !important;}&#8221;][vc_column][vc_separator color=&#8221;green&#8221; border_width=&#8221;2&#8243;][vc_row_inner css=&#8221;.vc_custom_1552989127462{margin-right: -50% !important;}&#8221; tm_responsive_css=&#8221;32392572|colbreak_no|||||||||colbreak_no||0px|||||||colbreak_no||||||||||colbreak_no|||||||||&#8221;][vc_column_inner width=&#8221;1\/3&#8243; css=&#8221;.vc_custom_1552988911551{padding-top: 90px !important;padding-right: 80px !important;padding-bottom: 75px !important;}&#8221; tm_responsive_css=&#8221;15132636|colbreak_no|||||||||colbreak_no|||||40px|15px|25px||colbreak_no||||||||||colbreak_no|||||||||&#8221;][\/vc_column_inner][vc_column_inner width=&#8221;2\/3&#8243; tm_responsive_css=&#8221;75505389|colbreak_no|||||||||colbreak_no||||||0px||0px|colbreak_no||||||||||colbreak_no|||||||||&#8221;][vc_single_image image=&#8221;2130&#8243; img_size=&#8221;800&#215;600&#8243;][\/vc_column_inner][\/vc_row_inner][\/vc_column][\/vc_row][vc_row tm_bgcolor=&#8221;white&#8221; tm_bgimagefixed=&#8221;&#8221; full_width=&#8221;stretch_row&#8221; css=&#8221;.vc_custom_1552989049285{padding-top: 60px !important;padding-bottom: 100px !important;}&#8221; tm_responsive_css=&#8221;85688432|colbreak_no|||||||||colbreak_no|||||||||colbreak_no|||||35px||55px|||colbreak_no|||||||||&#8221;][vc_column][vc_row_inner][vc_column_inner][\/vc_column_inner][\/vc_row_inner][vc_row_inner][vc_column_inner width=&#8221;1\/6&#8243;][\/vc_column_inner][vc_column_inner width=&#8221;2\/3&#8243;][\/vc_column_inner][vc_column_inner width=&#8221;1\/6&#8243;][\/vc_column_inner][\/vc_row_inner][vc_column_text]Les donn\u00e9es personnelles que vous nous avez &hellip; <a href=\"https:\/\/ttre.be\/index.php\/contact-to-go-tech-recycl\/\" class=\"more-link\">Continue reading <span class=\"screen-reader-text\">Contact<\/span><\/a><\/p>\n","protected":false},"author":1,"featured_media":0,"parent":0,"menu_order":16,"comment_status":"closed","ping_status":"closed","template":"","meta":{"footnotes":""},"_links":{"self":[{"href":"https:\/\/ttre.be\/index.php\/wp-json\/wp\/v2\/pages\/1064"}],"collection":[{"href":"https:\/\/ttre.be\/index.php\/wp-json\/wp\/v2\/pages"}],"about":[{"href":"https:\/\/ttre.be\/index.php\/wp-json\/wp\/v2\/types\/page"}],"author":[{"embeddable":true,"href":"https:\/\/ttre.be\/index.php\/wp-json\/wp\/v2\/users\/1"}],"replies":[{"embeddable":true,"href":"https:\/\/ttre.be\/index.php\/wp-json\/wp\/v2\/comments?post=1064"}],"version-history":[{"count":9,"href":"https:\/\/ttre.be\/index.php\/wp-json\/wp\/v2\/pages\/1064\/revisions"}],"predecessor-version":[{"id":2136,"href":"https:\/\/ttre.be\/index.php\/wp-json\/wp\/v2\/pages\/1064\/revisions\/2136"}],"wp:attachment":[{"href":"https:\/\/ttre.be\/index.php\/wp-json\/wp\/v2\/media?parent=1064"}],"curies":[{"name":"wp","href":"https:\/\/api.w.org\/{rel}","templated":true}]}}