{"id":1066,"date":"2019-03-08T12:56:15","date_gmt":"2019-03-08T12:56:15","guid":{"rendered":"https:\/\/ttre.be\/fixtech\/fixtech-test1\/?page_id=1066"},"modified":"2020-10-05T12:27:23","modified_gmt":"2020-10-05T12:27:23","slug":"recyclage-materiels-it","status":"publish","type":"page","link":"https:\/\/ttre.be\/index.php\/recyclage-materiels-it\/","title":{"rendered":"Recyclage Mat\u00e9riels IT"},"content":{"rendered":"<p>[vc_row tm_bgimagefixed=&#8221;&#8221; full_width=&#8221;stretch_row&#8221; css=&#8221;.vc_custom_1552996245103{padding-top: 100px !important;padding-bottom: 10px !important;}&#8221; tm_responsive_css=&#8221;63648475|colbreak_no|||||||||colbreak_no|||||50px||||colbreak_no||||||||||colbreak_no|||||||||&#8221;][vc_column]<div class=\"tm-element-heading-wrapper tm-heading-inner tm-element-align-center tm-seperator-none tm-heading-style-vertical tm-overlay-subheading\"><section class=\"tm-vc_cta3-container\"><div class=\"tm-vc_general tm-vc_cta3 tm-cta3-only tm-vc_cta3-style-classic tm-vc_cta3-shape-rounded tm-vc_cta3-align-center tm-vc_cta3-color-transparent tm-vc_cta3-icon-size-md tm-vc_cta3-actions-no tm-cta3-with-desc\"><div class=\"tm-vc_cta3_content-container\"><div class=\"tm-vc_cta3-content\"><header class=\"tm-vc_cta3-content-header tm-wrap\"><div class=\"tm-vc_cta3-headers tm-wrap-cell\"><h4 class=\"tm-custom-heading \" >RECYCLAGE<\/h4>\n<h2 class=\"tm-custom-heading \" >Solution De Recyclage Informatique<\/h2>\n<\/div><\/header><div class=\"tm-cta3-content-wrapper\">\n<div class=\"flex_column av_three_fifth flex_column_div av-zero-column-padding avia-builder-el-21 el_after_av_one_fifth el_before_av_one_fifth \">\n<div class=\"av-special-heading av-special-heading-h1 custom-color-heading blockquote modern-quote modern-centered avia-builder-el-22 avia-builder-el-no-sibling av-inherit-size\">\n<div class=\"av-subheading av-subheading_below av_custom_color\">\n<p>Nous recyclons et valorisons tous les mat\u00e9riels informatiques et \u00e9lectroniques sans distinction. Quelque soit la quantit\u00e9 et le lieu de collecte nous vous proposerons une solution efficace et rapide<\/p>\n<\/div>\n<\/div>\n<\/div>\n<div class=\"flex_column av_one_fifth flex_column_div av-zero-column-padding avia-builder-el-23 el_after_av_three_fifth el_before_av_hr \"><\/div>\n<div class=\"hr hr-invisible avia-builder-el-24 el_after_av_one_fifth el_before_av_partner \"><\/div>\n<p><\/div><\/div><\/div><\/div><\/section><\/div> <!-- .tm-element-heading-wrapper container --> [vc_column_text]Notre raison d\u2019\u00eatre est de savoir vous proposer une solution globale simple pour vos mat\u00e9riels HS ET fonctionnels. Une seule entreprise, un seul interlocuteur, un seul rapport d\u2019audit et de tra\u00e7abilit\u00e9. Chaque mat\u00e9riel, en fonction de sa marque, son type, son \u00e9tat sera soit r\u00e9employ\u00e9 soit d\u00e9mantel\u00e9 manuellement pour \u00eatre recycl\u00e9 selon les normes en vigueur et dans le respect de l\u2019environnement.<\/p>\n<p>Nous personnalisons nos services afin de vous faciliter la vie : mode d\u2019enl\u00e8vement, mode de transport, type de formatage de vos donn\u00e9es (standard ou avec certificat BLANCCO), d\u00e9personnalisation des mat\u00e9riels, etc.[\/vc_column_text][\/vc_column][\/vc_row][vc_row tm_bgimage_position=&#8221;center_top&#8221; tm_bgimagefixed=&#8221;&#8221; full_width=&#8221;stretch_row&#8221; equal_height=&#8221;yes&#8221; css=&#8221;.vc_custom_1552998014650{padding-top: 0px !important;padding-bottom: 100px !important;}&#8221; tm_responsive_css=&#8221;24976099|colbreak_no|||||||||colbreak_no|||||||60px||colbreak_no|||||||30px|||colbreak_no|||||||||&#8221;][vc_column width=&#8221;1\/2&#8243; css=&#8221;.vc_custom_1553516641033{background-image: url(https:\/\/ttre.be\/wp-content\/uploads\/2019\/03\/post-one.jpg?id=1811) !important;background-position: center !important;background-repeat: no-repeat !important;background-size: cover !important;}&#8221;][vc_row_inner el_class=&#8221;tm-bgcolor-white tm-column-inline&#8221; css=&#8221;.vc_custom_1552997903674{margin-top: 35px !important;margin-right: 20px !important;margin-left: 20px !important;padding-top: 5px !important;padding-right: 5px !important;padding-bottom: 5px !important;padding-left: 5px !important;}&#8221; tm_responsive_css=&#8221;13713176|colbreak_no|||||||||colbreak_no|||||||||colbreak_no|||35px|||||||colbreak_no|||||||||&#8221;][vc_column_inner width=&#8221;5\/12&#8243; css=&#8221;.vc_custom_1550491455333{padding-right: 0px !important;padding-left: 0px !important;}&#8221;][vc_single_image image=&#8221;1886&#8243; img_size=&#8221;full&#8221; css=&#8221;.vc_custom_1553520228581{margin-bottom: 0px !important;}&#8221;][\/vc_column_inner][vc_column_inner width=&#8221;7\/12&#8243; css=&#8221;.vc_custom_1552998664801{padding-top: 34px !important;padding-left: 50px !important;}&#8221; tm_responsive_css=&#8221;42219645|colbreak_no|||||||||colbreak_no|||||||||colbreak_no|||||||||480px|colbreak_no|||||18px|||10px|&#8221;]<h2 style=\"text-align:left;font-size:26px;line-height:36px;\" class=\"tm-custom-heading tm-skincolo-strong \" >Nous Avons La Confiance De<br \/>\nPlus Que <strong>500<br \/>\nClients<\/strong><\/h2>\n[\/vc_column_inner][\/vc_row_inner][\/vc_column][vc_column width=&#8221;1\/2&#8243; css=&#8221;.vc_custom_1552998004830{padding-right: 97px !important;padding-left: 60px !important;}&#8221; el_class=&#8221;tm-sbox-hover-style2&#8243; tm_responsive_css=&#8221;76589079|colbreak_no|||||||||colbreak_no||||||15px||20px|colbreak_no|||||15px|0px||0px||colbreak_no|||||||||&#8221;]<div class=\"tm-sbox tm-sbox-iconalign-left-spacing none tm-sbox-bgcolor-transparent tm-bgcolor-transparent tm-sbox-textcolor- tm-textcolor- tm-sbox-isize-md tm-sbox-isize-md tm-sbox-istyle-none  tm-sbox-heading-only\"><section class=\"tm-vc_cta3-container\"><div class=\"tm-vc_general tm-vc_cta3 tm-vc_cta3-align-left tm-vc_cta3-icon-size-md tm-vc_cta3-icons-left tm-vc_cta3-actions-no\"><div class=\"tm-vc_cta3-icons tm-wrap-cell\"><div class=\"tm-vc_icon_element tm-vc_icon_element-outer tm-vc_icon_element-align-left \"><div class=\"tm-vc_icon_element-inner  tm-vc_icon_element-color-skincolor tm-vc_icon_element-size-md tm-vc_icon_element-style-none tm-vc_icon_element-background-color-grey\" ><span class=\"tm-vc_icon_element-icon fa fa-cogs\" ><\/span><\/div><\/div><\/div><div class=\"tm-vc_cta3_content-container\"><div class=\"tm-vc_cta3-content\"><div class=\"tm-vc_cta3-content-header tm-wrap\"><div class=\"tm-vc_cta3-headers tm-wrap-cell\"><h2 class=\"tm-custom-heading \" >NOUS OFFRONS DES SERVICES DE QUALIT\u00c9<\/h2>\n<\/div><\/div><\/div><div class=\"tm-cta3-desc-btn-wrapper\"><div class=\"tm-cta3-description\"><div class=\"tm-cta3-content-wrapper\"><p>Il peut y avoir un grand nombre d&#8217;appareils sous notre d\u00e9p\u00f4t.<\/p><\/div><\/div><\/div><\/div><\/div><\/section><\/div><div class=\"tm-sbox tm-sbox-iconalign-left-spacing none tm-sbox-bgcolor-white tm-bgcolor-white tm-sbox-textcolor- tm-textcolor- tm-sbox-isize-md tm-sbox-isize-md tm-sbox-istyle-none  tm-bgcolor-yes tm-sbox-heading-only\"><section class=\"tm-vc_cta3-container\"><div class=\"tm-vc_general tm-vc_cta3 tm-vc_cta3-align-left tm-vc_cta3-icon-size-md tm-vc_cta3-icons-left tm-vc_cta3-actions-no\"><div class=\"tm-vc_cta3-icons tm-wrap-cell\"><div class=\"tm-vc_icon_element tm-vc_icon_element-outer tm-vc_icon_element-align-left \"><div class=\"tm-vc_icon_element-inner  tm-vc_icon_element-color-skincolor tm-vc_icon_element-size-md tm-vc_icon_element-style-none tm-vc_icon_element-background-color-grey\" ><span class=\"tm-vc_icon_element-icon fa fa-user\" ><\/span><\/div><\/div><\/div><div class=\"tm-vc_cta3_content-container\"><div class=\"tm-vc_cta3-content\"><div class=\"tm-vc_cta3-content-header tm-wrap\"><div class=\"tm-vc_cta3-headers tm-wrap-cell\"><h2 class=\"tm-custom-heading \" >EXP\u00c9RIENCE &amp; TALENT\u00c9<\/h2>\n<\/div><\/div><\/div><div class=\"tm-cta3-desc-btn-wrapper\"><div class=\"tm-cta3-description\"><div class=\"tm-cta3-content-wrapper\">\n<p id=\"tw-target-text\" class=\"tw-data-text tw-text-large XcVN5d tw-ta\" dir=\"ltr\" data-placeholder=\"Translation\"><span lang=\"fr\">Nous sommes fiers de dire que nous avons des \u00e9quipes extr\u00eamement talentueuses et exp\u00e9riment\u00e9es.<\/span><\/p>\n<p><\/div><\/div><\/div><\/div><\/div><\/section><\/div><div class=\"tm-sbox tm-sbox-iconalign-left-spacing none tm-sbox-bgcolor-transparent tm-bgcolor-transparent tm-sbox-textcolor- tm-textcolor- tm-sbox-isize-md tm-sbox-isize-md tm-sbox-istyle-none  tm-sbox-heading-only\"><section class=\"tm-vc_cta3-container\"><div class=\"tm-vc_general tm-vc_cta3 tm-vc_cta3-align-left tm-vc_cta3-icon-size-md tm-vc_cta3-icons-left tm-vc_cta3-actions-no\"><div class=\"tm-vc_cta3-icons tm-wrap-cell\"><div class=\"tm-vc_icon_element tm-vc_icon_element-outer tm-vc_icon_element-align-left \"><div class=\"tm-vc_icon_element-inner  tm-vc_icon_element-color-skincolor tm-vc_icon_element-size-md tm-vc_icon_element-style-none tm-vc_icon_element-background-color-grey\" ><span class=\"tm-vc_icon_element-icon fa fa-clock-o\" ><\/span><\/div><\/div><\/div><div class=\"tm-vc_cta3_content-container\"><div class=\"tm-vc_cta3-content\"><div class=\"tm-vc_cta3-content-header tm-wrap\"><div class=\"tm-vc_cta3-headers tm-wrap-cell\"><h2 class=\"tm-custom-heading \" >OFFRES ASSISTANCE RAPIDE 24\/7<\/h2>\n<\/div><\/div><\/div><div class=\"tm-cta3-desc-btn-wrapper\"><div class=\"tm-cta3-description\"><div class=\"tm-cta3-content-wrapper\">\n<p id=\"tw-target-text\" class=\"tw-data-text tw-text-large XcVN5d tw-ta\" dir=\"ltr\" data-placeholder=\"Translation\"><span lang=\"fr\">Vous n&#8217;\u00eates qu&#8217;\u00e0 un appel pour obtenir de l&#8217;aide de notre part<\/span><\/p>\n<p><\/div><\/div><\/div><\/div><\/div><\/section><\/div><div class=\"tm-sbox tm-sbox-iconalign-left-spacing none tm-sbox-bgcolor-transparent tm-bgcolor-transparent tm-sbox-textcolor- tm-textcolor- tm-sbox-isize-md tm-sbox-isize-md tm-sbox-istyle-none  tm-sbox-heading-only\"><section class=\"tm-vc_cta3-container\"><div class=\"tm-vc_general tm-vc_cta3 tm-vc_cta3-align-left tm-vc_cta3-icon-size-md tm-vc_cta3-icons-left tm-vc_cta3-actions-no\"><div class=\"tm-vc_cta3-icons tm-wrap-cell\"><div class=\"tm-vc_icon_element tm-vc_icon_element-outer tm-vc_icon_element-align-left \"><div class=\"tm-vc_icon_element-inner  tm-vc_icon_element-color-skincolor tm-vc_icon_element-size-md tm-vc_icon_element-style-none tm-vc_icon_element-background-color-grey\" ><span class=\"tm-vc_icon_element-icon kw_fixtech flaticon-smartphone-3\" ><\/span><\/div><\/div><\/div><div class=\"tm-vc_cta3_content-container\"><div class=\"tm-vc_cta3-content\"><div class=\"tm-vc_cta3-content-header tm-wrap\"><div class=\"tm-vc_cta3-headers tm-wrap-cell\"><h2 class=\"tm-custom-heading \" >UN SERVICE COMPLET<\/h2>\n<\/div><\/div><\/div><div class=\"tm-cta3-desc-btn-wrapper\"><div class=\"tm-cta3-description\"><div class=\"tm-cta3-content-wrapper\"><p>Nous fournissons des services complets pour ce secteur.<\/p><\/div><\/div><\/div><\/div><\/div><\/section><\/div>[\/vc_column][\/vc_row][vc_row tm_bgimagefixed=&#8221;&#8221; full_width=&#8221;stretch_row_content_no_spaces&#8221; css=&#8221;.vc_custom_1601633568239{background-image: url(https:\/\/fixtech.themetechmount.com\/fixtech-data\/wp-content\/uploads\/2019\/03\/row-pattern-bg-one.jpg?id=1253) !important;background-position: center !important;background-repeat: no-repeat !important;background-size: cover !important;}&#8221; tm_responsive_css=&#8221;69419850|colbreak_no|||||||||colbreak_no|||||40px||45px||colbreak_no||||||||||colbreak_no|||||||||&#8221;][vc_column][vc_media_grid element_width=&#8221;2&#8243; initial_loading_animation=&#8221;zoomIn&#8221; grid_id=&#8221;vc_gid:1601633251953-70f5751f-2241-9&#8243; include=&#8221;2054,2051,2053,2052,2050,2036&#8243;][\/vc_column][\/vc_row]<\/p>\n","protected":false},"excerpt":{"rendered":"<p>[vc_row tm_bgimagefixed=&#8221;&#8221; full_width=&#8221;stretch_row&#8221; css=&#8221;.vc_custom_1552996245103{padding-top: 100px !important;padding-bottom: 10px !important;}&#8221; tm_responsive_css=&#8221;63648475|colbreak_no|||||||||colbreak_no|||||50px||||colbreak_no||||||||||colbreak_no|||||||||&#8221;][vc_column][vc_column_text]Notre raison d\u2019\u00eatre est de savoir vous proposer une solution globale simple pour vos mat\u00e9riels HS ET fonctionnels. Une seule entreprise, un seul interlocuteur, un seul rapport d\u2019audit et de tra\u00e7abilit\u00e9. Chaque mat\u00e9riel, en fonction de sa marque, son type, son \u00e9tat sera soit r\u00e9employ\u00e9 soit d\u00e9mantel\u00e9 &hellip; <a href=\"https:\/\/ttre.be\/index.php\/recyclage-materiels-it\/\" class=\"more-link\">Continue reading <span class=\"screen-reader-text\">Recyclage Mat\u00e9riels IT<\/span><\/a><\/p>\n","protected":false},"author":1,"featured_media":0,"parent":0,"menu_order":7,"comment_status":"closed","ping_status":"closed","template":"","meta":{"footnotes":""},"_links":{"self":[{"href":"https:\/\/ttre.be\/index.php\/wp-json\/wp\/v2\/pages\/1066"}],"collection":[{"href":"https:\/\/ttre.be\/index.php\/wp-json\/wp\/v2\/pages"}],"about":[{"href":"https:\/\/ttre.be\/index.php\/wp-json\/wp\/v2\/types\/page"}],"author":[{"embeddable":true,"href":"https:\/\/ttre.be\/index.php\/wp-json\/wp\/v2\/users\/1"}],"replies":[{"embeddable":true,"href":"https:\/\/ttre.be\/index.php\/wp-json\/wp\/v2\/comments?post=1066"}],"version-history":[{"count":8,"href":"https:\/\/ttre.be\/index.php\/wp-json\/wp\/v2\/pages\/1066\/revisions"}],"predecessor-version":[{"id":2128,"href":"https:\/\/ttre.be\/index.php\/wp-json\/wp\/v2\/pages\/1066\/revisions\/2128"}],"wp:attachment":[{"href":"https:\/\/ttre.be\/index.php\/wp-json\/wp\/v2\/media?parent=1066"}],"curies":[{"name":"wp","href":"https:\/\/api.w.org\/{rel}","templated":true}]}}