{"id":569,"date":"2019-02-20T11:03:12","date_gmt":"2019-02-20T11:03:12","guid":{"rendered":"https:\/\/ttre.be\/fixtech\/?page_id=569"},"modified":"2020-10-05T12:23:26","modified_gmt":"2020-10-05T12:23:26","slug":"qui-sommes-nous","status":"publish","type":"page","link":"https:\/\/ttre.be\/index.php\/qui-sommes-nous\/","title":{"rendered":"Qui sommes nous"},"content":{"rendered":"<p>[vc_row tm_bgimagefixed=&#8221;&#8221; break_in_responsive=&#8221;991&#8243; full_width=&#8221;stretch_row&#8221; css=&#8221;.vc_custom_1552989278034{padding-top: 10px !important;padding-bottom: 0px !important;}&#8221;][vc_column tm_col_bg_expand=&#8221;left&#8221; width=&#8221;1\/4&#8243; css=&#8221;.vc_custom_1552989503464{padding-top: 100px !important;padding-bottom: 260px !important;background-image: url(https:\/\/fixtech.themetechmount.com\/fixtech-data\/wp-content\/uploads\/2019\/03\/row-pattern-bg-one.jpg?id=1253) !important;background-position: center !important;background-repeat: no-repeat !important;background-size: cover !important;}&#8221; el_class=&#8221;ttm-custom-margin-all-0px-991&#8243; tm_responsive_css=&#8221;33241751|colbreak_no|||||||||colbreak_no|||||40px||10px||colbreak_no||||||||||colbreak_no|||||||||&#8221;][vc_row_inner css=&#8221;.vc_custom_1552989737503{margin-right: -170px !important;}&#8221; tm_responsive_css=&#8221;18794382|colbreak_no|||||||||colbreak_no||0px|||||||colbreak_no||||||||||colbreak_no|||||||||&#8221;][vc_column_inner][vc_single_image image=&#8221;1811&#8243; img_size=&#8221;full&#8221; alignment=&#8221;center&#8221;][vc_single_image image=&#8221;1456&#8243; img_size=&#8221;full&#8221; alignment=&#8221;center&#8221;][\/vc_column_inner][\/vc_row_inner][\/vc_column][vc_column width=&#8221;3\/4&#8243; css=&#8221;.vc_custom_1552991380358{padding-top: 135px !important;padding-right: 61px !important;padding-left: 200px !important;}&#8221; tm_responsive_css=&#8221;48035054|colbreak_no|||||||||colbreak_no|||||25px|15px|15px|15px|colbreak_no||||||||||colbreak_no|||||||||&#8221;]<div class=\"tm-element-heading-wrapper tm-heading-inner tm-element-align-left tm-seperator-none tm-heading-style-vertical tm-overlay-subheading\"><section class=\"tm-vc_cta3-container\"><div class=\"tm-vc_general tm-vc_cta3 tm-cta3-only tm-vc_cta3-style-classic tm-vc_cta3-shape-rounded tm-vc_cta3-align-left tm-vc_cta3-color-transparent tm-vc_cta3-icon-size-md tm-vc_cta3-actions-no tm-cta3-with-desc\"><div class=\"tm-vc_cta3_content-container\"><div class=\"tm-vc_cta3-content\"><header class=\"tm-vc_cta3-content-header tm-wrap\"><div class=\"tm-vc_cta3-headers tm-wrap-cell\"><h4 class=\"tm-custom-heading \" >A PROPOS<\/h4>\n<h2 class=\"tm-custom-heading \" >A PROPOS<\/h2>\n<\/div><\/header><div class=\"tm-cta3-content-wrapper\"><p>Soci\u00e9t\u00e9 bas\u00e9e \u00e0 Bruxelles,\u00a0<strong>TO GO TECHS RECYCL<\/strong>\u00a0propose des services de r\u00e9cup\u00e9ration d\u2019ordinateurs et de recyclage informatique pour les entreprises commerciales et industrielles ainsi que pour les particuliers. En outre, nous sommes \u00e9galement sp\u00e9cialis\u00e9e dans les produits et services d\u00e9di\u00e9s \u00e0 la s\u00e9curisation et l\u2019optimisation des syst\u00e8mes d\u2019information, r\u00e9seaux et infrastructures d\u2019entreprise, nous offrons notamment des prestations web et un d\u00e9pannage informatique.<\/p>\n<p>A ce titre, et afin d\u2019aider nos clients \u00e0 d\u00e9velopper des avantages concurrentiels, nous proposons un accompagnement orient\u00e9 vers des solutions solides et p\u00e9rennes garantissant la rationalisation et le bon fonctionnement du parc informatique.<\/p><\/div><\/div><\/div><\/div><\/section><\/div> <!-- .tm-element-heading-wrapper container --> <div class=\"tm-element-heading-wrapper tm-heading-inner tm-element-align-left tm-seperator-none tm-heading-style-vertical tm-overlay-subheading\"><section class=\"tm-vc_cta3-container\"><div class=\"tm-vc_general tm-vc_cta3 tm-cta3-only tm-vc_cta3-style-classic tm-vc_cta3-shape-rounded tm-vc_cta3-align-left tm-vc_cta3-color-transparent tm-vc_cta3-icon-size-md tm-vc_cta3-actions-no tm-cta3-with-desc\"><div class=\"tm-vc_cta3_content-container\"><div class=\"tm-vc_cta3-content\"><header class=\"tm-vc_cta3-content-header tm-wrap\"><div class=\"tm-vc_cta3-headers tm-wrap-cell\"><h4 class=\"tm-custom-heading \" >NOS ACTIVIT\u00c9S<\/h4>\n<h2 class=\"tm-custom-heading \" >NOS ACTIVIT\u00c9S<\/h2>\n<\/div><\/header><div class=\"tm-cta3-content-wrapper\"><p>Notre c\u0153ur de m\u00e9tier est la gestion de reprise de parcs informatiques et flottes de t\u00e9l\u00e9phones mobiles en Belgique, en Europe et en Afrique pour les entreprises qui souhaitent manager avec pertinence la seconde vie de leurs actifs IT ou ceux de leurs clients.<\/p>\n<p>Nous sommes sp\u00e9cialis\u00e9s dans le rachat, le r\u00e9emploi et le recyclage de mat\u00e9riels informatiques et t\u00e9l\u00e9phones mobiles et g\u00e9rons toutes les \u00e9tapes de la reprise afin d\u2019apporter des solutions fiables, \u00e9conomiques et pertinentes dans une dimension sociale et solidaire.<\/p>\n<p>Outre notre activit\u00e9 de recyclage de mat\u00e9riels informatiques et t\u00e9l\u00e9phones mobiles, nous intervenons \u00e9galement pour la d\u00e9finition, la fourniture, la mise en oeuvre et la gestion des infrastructures informatiques (mat\u00e9riels, logiciels, r\u00e9seaux, syst\u00e8mes, s\u00e9curit\u00e9, stockage, virtualisation\u2026). Nous mettons en oeuvre des solutions informatiques, assurons la maintenance sur site ou \u00e0 distance.<\/p><\/div><\/div><\/div><\/div><\/section><\/div> <!-- .tm-element-heading-wrapper container --> [\/vc_column][\/vc_row][vc_row tm_bgcolor=&#8221;darkgrey&#8221; tm_bgimagefixed=&#8221;&#8221; break_in_responsive=&#8221;991&#8243; full_width=&#8221;stretch_row&#8221; equal_height=&#8221;yes&#8221; css=&#8221;.vc_custom_1552991420353{padding-top: 0px !important;padding-bottom: 0px !important;}&#8221;][vc_column tm_col_bg_expand=&#8221;left&#8221; width=&#8221;5\/12&#8243; css=&#8221;.vc_custom_1553515794946{margin-top: 60px !important;background-image: url(https:\/\/ttre.be\/wp-content\/uploads\/2019\/03\/post-two.jpg?id=1812) !important;background-position: center !important;background-repeat: no-repeat !important;background-size: cover !important;}&#8221;][\/vc_column][vc_column width=&#8221;7\/12&#8243; css=&#8221;.vc_custom_1552991614887{padding-top: 100px !important;padding-bottom: 70px !important;padding-left: 60px !important;}&#8221; tm_responsive_css=&#8221;72865994|colbreak_no|||||||||colbreak_no|||||30px||15px|15px|colbreak_no||||||||||colbreak_no|||||||||&#8221;]<div class=\"tm-element-heading-wrapper tm-heading-inner tm-element-align-left tm-seperator-none tm-heading-style-vertical tm-overlay-subheading\"><section class=\"tm-vc_cta3-container\"><div class=\"tm-vc_general tm-vc_cta3 tm-cta3-only tm-vc_cta3-style-classic tm-vc_cta3-shape-rounded tm-vc_cta3-align-left tm-vc_cta3-color-transparent tm-vc_cta3-icon-size-md tm-vc_cta3-actions-no tm-cta3-with-desc\"><div class=\"tm-vc_cta3_content-container\"><div class=\"tm-vc_cta3-content\"><header class=\"tm-vc_cta3-content-header tm-wrap\"><div class=\"tm-vc_cta3-headers tm-wrap-cell\"><h4 class=\"tm-custom-heading \" >CE QUE NOUS FAISONS<\/h4>\n<h2 class=\"tm-custom-heading \" >Obtenez nos services premium<\/h2>\n<\/div><\/header><div class=\"tm-cta3-content-wrapper\"><p>Nous offrons des services de haute qualit\u00e9 avec un prix et un budget abordables. Fournir un excellent service au client est notre objectif principal.<\/p><\/div><\/div><\/div><\/div><\/section><\/div> <!-- .tm-element-heading-wrapper container --> [vc_row_inner][vc_column_inner][vc_separator color=&#8221;custom&#8221; accent_color=&#8221;rgba(255,255,255,0.1)&#8221;][\/vc_column_inner][\/vc_row_inner][vc_row_inner][vc_column_inner width=&#8221;1\/2&#8243;]<div class=\"tm-sbox tm-sbox-iconalign-left-spacing none tm-sbox-bgcolor-transparent tm-bgcolor-transparent tm-sbox-textcolor- tm-textcolor- tm-sbox-isize-md tm-sbox-isize-md tm-sbox-istyle-none  tm-sbox-heading-only\"><section class=\"tm-vc_cta3-container\"><div class=\"tm-vc_general tm-vc_cta3 tm-vc_cta3-align-left tm-vc_cta3-icon-size-md tm-vc_cta3-icons-left tm-vc_cta3-actions-no\"><div class=\"tm-vc_cta3-icons tm-wrap-cell\"><div class=\"tm-vc_icon_element tm-vc_icon_element-outer tm-vc_icon_element-align-left \"><div class=\"tm-vc_icon_element-inner  tm-vc_icon_element-color-skincolor tm-vc_icon_element-size-md tm-vc_icon_element-style-none tm-vc_icon_element-background-color-grey\" ><span class=\"tm-vc_icon_element-icon kw_fixtech flaticon-cpu-1\" ><\/span><\/div><\/div><\/div><div class=\"tm-vc_cta3_content-container\"><div class=\"tm-vc_cta3-content\"><div class=\"tm-vc_cta3-content-header tm-wrap\"><div class=\"tm-vc_cta3-headers tm-wrap-cell\"><h2 class=\"tm-custom-heading \" >Un service complet<\/h2>\n<\/div><\/div><\/div><div class=\"tm-cta3-desc-btn-wrapper\"><div class=\"tm-cta3-description\"><div class=\"tm-cta3-content-wrapper\"><p>Nous fournissons des services complets pour ce secteur<\/p><\/div><\/div><\/div><\/div><\/div><\/section><\/div>[\/vc_column_inner][vc_column_inner width=&#8221;1\/2&#8243;]<div class=\"tm-sbox tm-sbox-iconalign-left-spacing none tm-sbox-bgcolor-transparent tm-bgcolor-transparent tm-sbox-textcolor- tm-textcolor- tm-sbox-isize-md tm-sbox-isize-md tm-sbox-istyle-none  tm-sbox-heading-only\"><section class=\"tm-vc_cta3-container\"><div class=\"tm-vc_general tm-vc_cta3 tm-vc_cta3-align-left tm-vc_cta3-icon-size-md tm-vc_cta3-icons-left tm-vc_cta3-actions-no\"><div class=\"tm-vc_cta3-icons tm-wrap-cell\"><div class=\"tm-vc_icon_element tm-vc_icon_element-outer tm-vc_icon_element-align-left \"><div class=\"tm-vc_icon_element-inner  tm-vc_icon_element-color-skincolor tm-vc_icon_element-size-md tm-vc_icon_element-style-none tm-vc_icon_element-background-color-grey\" ><span class=\"tm-vc_icon_element-icon kw_fixtech flaticon-smartphone-4\" ><\/span><\/div><\/div><\/div><div class=\"tm-vc_cta3_content-container\"><div class=\"tm-vc_cta3-content\"><div class=\"tm-vc_cta3-content-header tm-wrap\"><div class=\"tm-vc_cta3-headers tm-wrap-cell\"><h2 class=\"tm-custom-heading \" >RECYCLAGE INFORMATIQUE<\/h2>\n<\/div><\/div><\/div><div class=\"tm-cta3-desc-btn-wrapper\"><div class=\"tm-cta3-description\"><div class=\"tm-cta3-content-wrapper\"><p>Nous recyclons et valorisons tous les mat\u00e9riels informatiques et \u00e9lectroniques sans distinction.<\/p><\/div><\/div><\/div><\/div><\/div><\/section><\/div>[\/vc_column_inner][\/vc_row_inner][\/vc_column][\/vc_row][vc_row tm_bgcolor=&#8221;white&#8221; tm_bgimage_position=&#8221;center_top&#8221; tm_bgimagefixed=&#8221;&#8221; break_in_responsive=&#8221;991&#8243; tm_shadow=&#8221;yes&#8221; tm_zindex=&#8221;1&#8243; equal_height=&#8221;yes&#8221; css=&#8221;.vc_custom_1553323494734{margin-top: 100px !important;margin-bottom: 100px !important;padding-top: 30px !important;padding-right: 30px !important;padding-bottom: 30px !important;padding-left: 30px !important;}&#8221; tm_responsive_css=&#8221;99825227|colbreak_no|||||||||colbreak_no|||||15px|15px|15px|15px|colbreak_no||||||||||colbreak_no|||||||||&#8221;][vc_column width=&#8221;1\/2&#8243; css=&#8221;.vc_custom_1553519064396{background-image: url(https:\/\/ttre.be\/wp-content\/uploads\/2019\/03\/col-bg-img-seven.png?id=1628) !important;background-position: center !important;background-repeat: no-repeat !important;background-size: cover !important;}&#8221; tm_responsive_css=&#8221;47123384|colbreak_no|||||||||colbreak_no|||||||35px||colbreak_no||||||||||colbreak_no|||||||||&#8221;][vc_row_inner el_class=&#8221;tm-bgcolor-white tm-column-inline&#8221; css=&#8221;.vc_custom_1551783156058{margin-top: 35px !important;margin-right: 20px !important;margin-left: 20px !important;padding-top: 5px !important;padding-right: 5px !important;padding-bottom: 5px !important;padding-left: 5px !important;}&#8221;][vc_column_inner width=&#8221;5\/12&#8243; css=&#8221;.vc_custom_1550491455333{padding-right: 0px !important;padding-left: 0px !important;}&#8221;][vc_single_image image=&#8221;1886&#8243; img_size=&#8221;full&#8221; css=&#8221;.vc_custom_1553519048109{margin-bottom: 0px !important;}&#8221;][\/vc_column_inner][vc_column_inner width=&#8221;7\/12&#8243; css=&#8221;.vc_custom_1551784318014{padding-top: 34px !important;padding-left: 50px !important;}&#8221;]<h2 style=\"text-align:left;font-size:26px;line-height:36px;\" class=\"tm-custom-heading tm-skincolo-strong \" >Nous Avons La Confiance De<br \/>\nPlus Que <strong>500<br \/>\nClients<\/strong><\/h2>\n[\/vc_column_inner][\/vc_row_inner][\/vc_column][vc_column width=&#8221;1\/2&#8243; css=&#8221;.vc_custom_1552991986113{padding-top: 15px !important;padding-right: 15px !important;padding-left: 60px !important;}&#8221; tm_responsive_css=&#8221;68035190|colbreak_no|||||||||colbreak_no||||||||0px|colbreak_no||||||||||colbreak_no|||||||||&#8221;]<div class=\"tm-element-heading-wrapper tm-heading-inner tm-element-align-left tm-seperator-none tm-heading-style-vertical tm-overlay-subheading\"><section class=\"tm-vc_cta3-container\"><div class=\"tm-vc_general tm-vc_cta3 tm-cta3-only tm-vc_cta3-style-classic tm-vc_cta3-shape-rounded tm-vc_cta3-align-left tm-vc_cta3-color-transparent tm-vc_cta3-icon-size-md tm-vc_cta3-actions-no tm-cta3-without-desc\"><div class=\"tm-vc_cta3_content-container\"><div class=\"tm-vc_cta3-content\"><header class=\"tm-vc_cta3-content-header tm-wrap\"><div class=\"tm-vc_cta3-headers tm-wrap-cell\"><h4 class=\"tm-custom-heading \" >Pourquoi Nous Choisir<\/h4>\n<h2 class=\"tm-custom-heading \" >Services Fournis Par To Go Tech Recycl<\/h2>\n<\/div><\/header><\/div><\/div><\/div><\/section><\/div> <!-- .tm-element-heading-wrapper container --> <ul class=\"tm-list tm-list-style-icon tm-list-icon-color-skincolor tm- tm-icon-skincolor tm-list-textsize- tm-list-icon-library-fontawesome vc_custom_1601633904286\"><li><i class=\"tm-skincolor fa fa-arrow-circle-right\"><\/i>  <span class=\"tm-list-li-content\">Recyclage Informatique\n<\/span><\/li><li><i class=\"tm-skincolor fa fa-arrow-circle-right\"><\/i>  <span class=\"tm-list-li-content\">Recyclage T\u00e9l\u00e9phone<\/span><\/li><li><i class=\"tm-skincolor fa fa-arrow-circle-right\"><\/i>  <span class=\"tm-list-li-content\">D\u00e9veloppement WEB<\/span><\/li><li><i class=\"tm-skincolor fa fa-arrow-circle-right\"><\/i>  <span class=\"tm-list-li-content\">Logiciels<\/span><\/li><li><i class=\"tm-skincolor fa fa-arrow-circle-right\"><\/i>  <span class=\"tm-list-li-content\">Syst\u00e8me De S\u00e9curit\u00e9<\/span><\/li><\/ul>[\/vc_column][\/vc_row]<\/p>\n","protected":false},"excerpt":{"rendered":"<p>[vc_row tm_bgimagefixed=&#8221;&#8221; break_in_responsive=&#8221;991&#8243; full_width=&#8221;stretch_row&#8221; css=&#8221;.vc_custom_1552989278034{padding-top: 10px !important;padding-bottom: 0px !important;}&#8221;][vc_column tm_col_bg_expand=&#8221;left&#8221; width=&#8221;1\/4&#8243; css=&#8221;.vc_custom_1552989503464{padding-top: 100px !important;padding-bottom: 260px !important;background-image: url(https:\/\/fixtech.themetechmount.com\/fixtech-data\/wp-content\/uploads\/2019\/03\/row-pattern-bg-one.jpg?id=1253) !important;background-position: center !important;background-repeat: no-repeat !important;background-size: cover !important;}&#8221; el_class=&#8221;ttm-custom-margin-all-0px-991&#8243; tm_responsive_css=&#8221;33241751|colbreak_no|||||||||colbreak_no|||||40px||10px||colbreak_no||||||||||colbreak_no|||||||||&#8221;][vc_row_inner css=&#8221;.vc_custom_1552989737503{margin-right: -170px !important;}&#8221; tm_responsive_css=&#8221;18794382|colbreak_no|||||||||colbreak_no||0px|||||||colbreak_no||||||||||colbreak_no|||||||||&#8221;][vc_column_inner][vc_single_image image=&#8221;1811&#8243; img_size=&#8221;full&#8221; alignment=&#8221;center&#8221;][vc_single_image image=&#8221;1456&#8243; img_size=&#8221;full&#8221; alignment=&#8221;center&#8221;][\/vc_column_inner][\/vc_row_inner][\/vc_column][vc_column width=&#8221;3\/4&#8243; css=&#8221;.vc_custom_1552991380358{padding-top: 135px !important;padding-right: 61px !important;padding-left: 200px !important;}&#8221; tm_responsive_css=&#8221;48035054|colbreak_no|||||||||colbreak_no|||||25px|15px|15px|15px|colbreak_no||||||||||colbreak_no|||||||||&#8221;][\/vc_column][\/vc_row][vc_row tm_bgcolor=&#8221;darkgrey&#8221; tm_bgimagefixed=&#8221;&#8221; break_in_responsive=&#8221;991&#8243; full_width=&#8221;stretch_row&#8221; equal_height=&#8221;yes&#8221; css=&#8221;.vc_custom_1552991420353{padding-top: 0px !important;padding-bottom: 0px !important;}&#8221;][vc_column &hellip; <a href=\"https:\/\/ttre.be\/index.php\/qui-sommes-nous\/\" class=\"more-link\">Continue reading <span class=\"screen-reader-text\">Qui sommes nous<\/span><\/a><\/p>\n","protected":false},"author":1,"featured_media":0,"parent":0,"menu_order":5,"comment_status":"closed","ping_status":"closed","template":"","meta":{"footnotes":""},"_links":{"self":[{"href":"https:\/\/ttre.be\/index.php\/wp-json\/wp\/v2\/pages\/569"}],"collection":[{"href":"https:\/\/ttre.be\/index.php\/wp-json\/wp\/v2\/pages"}],"about":[{"href":"https:\/\/ttre.be\/index.php\/wp-json\/wp\/v2\/types\/page"}],"author":[{"embeddable":true,"href":"https:\/\/ttre.be\/index.php\/wp-json\/wp\/v2\/users\/1"}],"replies":[{"embeddable":true,"href":"https:\/\/ttre.be\/index.php\/wp-json\/wp\/v2\/comments?post=569"}],"version-history":[{"count":7,"href":"https:\/\/ttre.be\/index.php\/wp-json\/wp\/v2\/pages\/569\/revisions"}],"predecessor-version":[{"id":2119,"href":"https:\/\/ttre.be\/index.php\/wp-json\/wp\/v2\/pages\/569\/revisions\/2119"}],"wp:attachment":[{"href":"https:\/\/ttre.be\/index.php\/wp-json\/wp\/v2\/media?parent=569"}],"curies":[{"name":"wp","href":"https:\/\/api.w.org\/{rel}","templated":true}]}}