{"id":659,"date":"2019-02-21T07:16:20","date_gmt":"2019-02-21T07:16:20","guid":{"rendered":"https:\/\/ttre.be\/fixtech\/?page_id=659"},"modified":"2020-10-05T12:30:05","modified_gmt":"2020-10-05T12:30:05","slug":"solutions-it","status":"publish","type":"page","link":"https:\/\/ttre.be\/index.php\/solutions-it\/","title":{"rendered":"Solutions IT"},"content":{"rendered":"<p>[vc_row tm_bgimagefixed=&#8221;&#8221; break_in_responsive=&#8221;991&#8243; full_width=&#8221;stretch_row&#8221; css=&#8221;.vc_custom_1552994742402{padding-bottom: 0px !important;background-image: url(https:\/\/fixtech.themetechmount.com\/fixtech-data\/wp-content\/uploads\/2019\/03\/row-bg-img-one.jpg?id=1212) !important;background-position: center !important;background-repeat: no-repeat !important;background-size: cover !important;}&#8221; tm_responsive_css=&#8221;99602485|colbreak_no|||||||||colbreak_no|||||30px||||colbreak_no||||||||||colbreak_no|||||||||&#8221;][vc_column width=&#8221;1\/2&#8243;]<div class=\"tm-element-heading-wrapper tm-heading-inner tm-element-align-left tm-seperator-none tm-heading-style-vertical tm-overlay-subheading\"><section class=\"tm-vc_cta3-container\"><div class=\"tm-vc_general tm-vc_cta3 tm-cta3-only tm-vc_cta3-style-classic tm-vc_cta3-shape-rounded tm-vc_cta3-align-left tm-vc_cta3-color-transparent tm-vc_cta3-icon-size-md tm-vc_cta3-actions-no tm-cta3-with-desc\"><div class=\"tm-vc_cta3_content-container\"><div class=\"tm-vc_cta3-content\"><header class=\"tm-vc_cta3-content-header tm-wrap\"><div class=\"tm-vc_cta3-headers tm-wrap-cell\"><h4 class=\"tm-custom-heading \" >D\u00c9VELOPPEMENT WEB<\/h4>\n<h2 class=\"tm-custom-heading \" >Nous avons plus de 10 ans d'exp\u00e9rience<br \/>\nDans D\u00e9veloppement Web<\/h2>\n<\/div><\/header><div class=\"tm-cta3-content-wrapper\"><p>Le web est la sp\u00e9cialit\u00e9 de\u00a0<strong>TO GO TECHS RECYCL<\/strong>. Vous avez les id\u00e9es, nous avons les moyens de les transformer en v\u00e9ritables succ\u00e8s. Oui, nous pouvons d\u00e9velopper tout ce que vous pouvez imaginer\u2026 .<\/p>\n<ul>\n<li>Cr\u00e9ation de sites web performants<\/li>\n<li>Sites web avec syst\u00e8me de gestion de contenu (CMS)<\/li>\n<li>Solutions e-commerce et paiements s\u00e9curis\u00e9s en ligne<\/li>\n<li>D\u00e9veloppement d\u2019applications web sp\u00e9cifiques<\/li>\n<li>Cr\u00e9ation d\u2019applications mobiles sur mesure<\/li>\n<\/ul>\n<p><\/div><\/div><\/div><\/div><\/section><\/div> <!-- .tm-element-heading-wrapper container --> <h2 style=\"text-align:left;font-size:27px;line-height:28px;\" class=\"tm-custom-heading \" >Notre Entreprise<\/h2>\n[vc_column_text]<\/p>\n<p id=\"tw-target-text\" class=\"tw-data-text tw-text-large XcVN5d tw-ta\" dir=\"ltr\" data-placeholder=\"Translation\"><span lang=\"fr\">Nous nous engageons \u00e0 fournir un excellent service \u00e0 nos clients depuis 2010. Fournir un excellent service \u00e0 la client\u00e8le est notre objectif principal. Cet objectif aide les employ\u00e9s de notre entreprise pour la motivation au travail.<\/span><\/p>\n<p>[\/vc_column_text][\/vc_column][vc_column width=&#8221;1\/2&#8243; tm_responsive_css=&#8221;34638571|colbreak_no|||||||||colbreak_no|||||||||colbreak_no|||-1px|||||||colbreak_no|||||||||&#8221;][vc_single_image image=&#8221;2078&#8243; img_size=&#8221;800&#215;670&#8243; alignment=&#8221;center&#8221; css=&#8221;.vc_custom_1601637256005{margin-bottom: 0px !important;}&#8221;][\/vc_column][\/vc_row][vc_row tm_textcolor=&#8221;white&#8221; tm_bgimagefixed=&#8221;&#8221; full_width=&#8221;stretch_row&#8221; css=&#8221;.vc_custom_1553516257579{padding-top: 90px !important;padding-bottom: 90px !important;background-image: url(https:\/\/ttre.be\/wp-content\/uploads\/2019\/03\/row-bg-one.jpg?id=1845) !important;background-position: center !important;background-repeat: no-repeat !important;background-size: cover !important;}&#8221; el_class=&#8221;tm-facts-colum-sep&#8221; tm_responsive_css=&#8221;34169507|colbreak_no|||||||||colbreak_no|||||55px||45px||colbreak_no||||||||||colbreak_no|||||||||&#8221;][vc_column width=&#8221;1\/3&#8243; css=&#8221;.vc_custom_1552994388543{padding-right: 85px !important;padding-left: 85px !important;}&#8221; tm_responsive_css=&#8221;48038005|colbreak_no|||||||||colbreak_no||||||60px||60px|colbreak_no||||||||||colbreak_no|||||||||&#8221;]\n\n<div class=\"tm-fid inside tm-fid-with-icon tm-fid-view-topicon tm-fid-no-border\">\n\t<div class=\"tm-fid-icon-wrapper\"><i class=\"fa fa-birthday-cake\"><\/i><\/div>\t<div class=\"tm-fld-contents\">\n\t\t<h4 class=\"tm-fid-inner\">\n\t\t\t\t\t\t<span\n\t\t\t\tdata-appear-animation = \"animateDigits\"\n\t\t\t\tdata-from             = \"0\"\n\t\t\t\tdata-to               = \"10\"\n\t\t\t\tdata-interval         = \"20\"\n\t\t\t\tdata-before           = \"\"\n\t\t\t\tdata-before-style     = \"sup\"\n\t\t\t\tdata-after            = \"\"\n\t\t\t\tdata-after-style      = \"sub\"\n\t\t\t\t>\n\t\t\t\t\t10\t\t\t<\/span>\n\t\t\t\t\t<\/h4>\n\t\t<h3 class=\"tm-fid-title\"><span>Des Ann\u00e9es D'exp\u00e9rience<br><\/span><\/h3>\n\t<\/div><!-- .tm-fld-contents -->\n\t<\/div>\n\n\n\n[\/vc_column][vc_column width=&#8221;1\/3&#8243; css=&#8221;.vc_custom_1552994433335{padding-right: 110px !important;padding-left: 110px !important;}&#8221; tm_responsive_css=&#8221;17845660|colbreak_no|||||||||colbreak_no||||||80px||80px|colbreak_no||||||||||colbreak_no|||||||||&#8221;]\n\n<div class=\"tm-fid inside tm-fid-with-icon tm-fid-view-topicon tm-fid-no-border\">\n\t<div class=\"tm-fid-icon-wrapper\"><i class=\"fa fa-wordpress\"><\/i><\/div>\t<div class=\"tm-fld-contents\">\n\t\t<h4 class=\"tm-fid-inner\">\n\t\t\t\t\t\t<span\n\t\t\t\tdata-appear-animation = \"animateDigits\"\n\t\t\t\tdata-from             = \"0\"\n\t\t\t\tdata-to               = \"845\"\n\t\t\t\tdata-interval         = \"20\"\n\t\t\t\tdata-before           = \"\"\n\t\t\t\tdata-before-style     = \"sup\"\n\t\t\t\tdata-after            = \"\"\n\t\t\t\tdata-after-style      = \"sub\"\n\t\t\t\t>\n\t\t\t\t\t845\t\t\t<\/span>\n\t\t\t\t\t<\/h4>\n\t\t<h3 class=\"tm-fid-title\"><span>Sites Cr\u00e9\u00e9s<br><\/span><\/h3>\n\t<\/div><!-- .tm-fld-contents -->\n\t<\/div>\n\n\n\n[\/vc_column][vc_column width=&#8221;1\/3&#8243; css=&#8221;.vc_custom_1552994458290{padding-right: 95px !important;padding-left: 95px !important;}&#8221; tm_responsive_css=&#8221;79996893|colbreak_no|||||||||colbreak_no||||||65px||65px|colbreak_no||||||||||colbreak_no|||||||||&#8221;]\n\n<div class=\"tm-fid inside tm-fid-with-icon tm-fid-view-topicon tm-fid-no-border\">\n\t<div class=\"tm-fid-icon-wrapper\"><i class=\"fa fa-google\"><\/i><\/div>\t<div class=\"tm-fld-contents\">\n\t\t<h4 class=\"tm-fid-inner\">\n\t\t\t\t\t\t<span\n\t\t\t\tdata-appear-animation = \"animateDigits\"\n\t\t\t\tdata-from             = \"0\"\n\t\t\t\tdata-to               = \"721\"\n\t\t\t\tdata-interval         = \"20\"\n\t\t\t\tdata-before           = \"\"\n\t\t\t\tdata-before-style     = \"sup\"\n\t\t\t\tdata-after            = \"\"\n\t\t\t\tdata-after-style      = \"sub\"\n\t\t\t\t>\n\t\t\t\t\t721\t\t\t<\/span>\n\t\t\t\t\t<\/h4>\n\t\t<h3 class=\"tm-fid-title\"><span>L'optimisation SEO<br><\/span><\/h3>\n\t<\/div><!-- .tm-fld-contents -->\n\t<\/div>\n\n\n\n[\/vc_column][\/vc_row][vc_row tm_bgimage_position=&#8221;left_top&#8221; tm_bgimagefixed=&#8221;&#8221; full_width=&#8221;stretch_row&#8221; css=&#8221;.vc_custom_1552994820033{padding-top: 75px !important;padding-bottom: 100px !important;background-image: url(https:\/\/fixtech.themetechmount.com\/fixtech-data\/wp-content\/uploads\/2019\/03\/pattern-bg-small.jpg?id=1277) !important;background-position: 0 0 !important;background-repeat: no-repeat !important;}&#8221; tm_responsive_css=&#8221;86163022|colbreak_no|||||||||colbreak_no|||||30px||50px||colbreak_no||||||||||colbreak_no|||||||||&#8221;][vc_column tm_bgimage_position=&#8221;left_top&#8221;][vc_row_inner][vc_column_inner width=&#8221;1\/2&#8243;]<div class=\"tm-element-heading-wrapper tm-heading-inner tm-element-align-left tm-seperator-none tm-heading-style-vertical tm-overlay-subheading\"><section class=\"tm-vc_cta3-container\"><div class=\"tm-vc_general tm-vc_cta3 tm-cta3-only tm-vc_cta3-style-classic tm-vc_cta3-shape-rounded tm-vc_cta3-align-left tm-vc_cta3-color-transparent tm-vc_cta3-icon-size-md tm-vc_cta3-actions-no tm-cta3-with-desc\"><div class=\"tm-vc_cta3_content-container\"><div class=\"tm-vc_cta3-content\"><header class=\"tm-vc_cta3-content-header tm-wrap\"><div class=\"tm-vc_cta3-headers tm-wrap-cell\"><h4 class=\"tm-custom-heading \" >APPLICATIONS INFORMATIQUES<\/h4>\n<h2 class=\"tm-custom-heading \" >LOGICIELS<\/h2>\n<\/div><\/header><div class=\"tm-cta3-content-wrapper\"><p><strong>TO GO TECHS RECYCL<\/strong>\u00a0r\u00e9alise (con\u00e7oit et d\u00e9veloppe) des applications informatiques sur mesure. Imaginez seulement le logiciel parfait, qui fait exactement et simplement ce qu\u2019il vous faut et selon vos besoins m\u00e9tier sp\u00e9cifiques\u2026 .<\/p>\n<ul>\n<li>Conseil et aide \u00e0 la formalisation des sp\u00e9cifications fonctionnelles<\/li>\n<li>Conception de l\u2019interface utilisateur de qualit\u00e9: simple, conviviale et intuitive<\/li>\n<li>Architecture de l\u2019application, conception des mod\u00e8les de donn\u00e9es<\/li>\n<li>D\u00e9veloppement des programmes informatiques (programmation)<\/li>\n<li>Tests et affinages par cycles it\u00e9ratifs, selon les m\u00e9thodes agiles<\/li>\n<li>Documentation et formation des utilisateurs<\/li>\n<li>Maintenance applicative, \u00e9volution du logiciel selon les besoins sp\u00e9cifiques<\/li>\n<\/ul>\n<p><\/div><\/div><\/div><\/div><\/section><\/div> <!-- .tm-element-heading-wrapper container --> [\/vc_column_inner][vc_column_inner width=&#8221;1\/2&#8243;][vc_single_image image=&#8221;2085&#8243; img_size=&#8221;800&#215;580&#8243;][\/vc_column_inner][\/vc_row_inner][vc_separator color=&#8221;green&#8221; border_width=&#8221;3&#8243;][vc_row_inner][vc_column_inner width=&#8221;1\/2&#8243;][vc_single_image image=&#8221;2091&#8243; img_size=&#8221;800&#8243;][\/vc_column_inner][vc_column_inner width=&#8221;1\/2&#8243;]<div class=\"tm-element-heading-wrapper tm-heading-inner tm-element-align-left tm-seperator-none tm-heading-style-vertical tm-overlay-subheading\"><section class=\"tm-vc_cta3-container\"><div class=\"tm-vc_general tm-vc_cta3 tm-cta3-only tm-vc_cta3-style-classic tm-vc_cta3-shape-rounded tm-vc_cta3-align-left tm-vc_cta3-color-transparent tm-vc_cta3-icon-size-md tm-vc_cta3-actions-no tm-cta3-with-desc\"><div class=\"tm-vc_cta3_content-container\"><div class=\"tm-vc_cta3-content\"><header class=\"tm-vc_cta3-content-header tm-wrap\"><div class=\"tm-vc_cta3-headers tm-wrap-cell\"><h4 class=\"tm-custom-heading \" > S\u00c9CURIT\u00c9 OPTIMALE<\/h4>\n<h2 class=\"tm-custom-heading \" >Syst\u00e8me De S\u00e9curit\u00e9<\/h2>\n<\/div><\/header><div class=\"tm-cta3-content-wrapper\"><p>En mati\u00e8re de s\u00e9curit\u00e9 physique,\u00a0<strong>TO GO TECHS RECYCL<\/strong>\u00a0vous fournit les moyens les plus efficaces et commodes pour s\u00e9curiser votre b\u00e2timent et vos biens. Nous avons s\u00e9lectionn\u00e9 pour vous les produits les plus performants du march\u00e9 (des syst\u00e8mes d\u2019alarme \u00e0 la vid\u00e9osurveillance en passant par le contr\u00f4le d\u2019acc\u00e8s), lesquels sont tr\u00e8s largement diffus\u00e9s et test\u00e9s \u00e0 grande \u00e9chelle et b\u00e9n\u00e9ficiant, en outre, des derni\u00e8res innovations techniques du moment afin de vous garantir fiabilit\u00e9 et qualit\u00e9.<\/p>\n<p>Pour une s\u00e9curit\u00e9 optimale, n\u2019h\u00e9sitez pas \u00e0 choisir judicieusement les \u00e9quipements de s\u00e9curit\u00e9 physique adapt\u00e9s au local, aux personnes et aux biens \u00e0 prot\u00e9ger et les implanter en quantit\u00e9 suffisante.<\/p><\/div><\/div><\/div><\/div><\/section><\/div> <!-- .tm-element-heading-wrapper container --> [\/vc_column_inner][\/vc_row_inner][\/vc_column][\/vc_row]<\/p>\n","protected":false},"excerpt":{"rendered":"<p>[vc_row tm_bgimagefixed=&#8221;&#8221; break_in_responsive=&#8221;991&#8243; full_width=&#8221;stretch_row&#8221; css=&#8221;.vc_custom_1552994742402{padding-bottom: 0px !important;background-image: url(https:\/\/fixtech.themetechmount.com\/fixtech-data\/wp-content\/uploads\/2019\/03\/row-bg-img-one.jpg?id=1212) !important;background-position: center !important;background-repeat: no-repeat !important;background-size: cover !important;}&#8221; tm_responsive_css=&#8221;99602485|colbreak_no|||||||||colbreak_no|||||30px||||colbreak_no||||||||||colbreak_no|||||||||&#8221;][vc_column width=&#8221;1\/2&#8243;][vc_column_text] Nous nous engageons \u00e0 fournir un excellent service \u00e0 nos clients depuis 2010. Fournir un excellent service \u00e0 la client\u00e8le est notre objectif principal. Cet objectif aide les employ\u00e9s de notre entreprise pour la motivation au travail. [\/vc_column_text][\/vc_column][vc_column &hellip; <a href=\"https:\/\/ttre.be\/index.php\/solutions-it\/\" class=\"more-link\">Continue reading <span class=\"screen-reader-text\">Solutions IT<\/span><\/a><\/p>\n","protected":false},"author":1,"featured_media":0,"parent":0,"menu_order":6,"comment_status":"closed","ping_status":"closed","template":"","meta":{"footnotes":""},"_links":{"self":[{"href":"https:\/\/ttre.be\/index.php\/wp-json\/wp\/v2\/pages\/659"}],"collection":[{"href":"https:\/\/ttre.be\/index.php\/wp-json\/wp\/v2\/pages"}],"about":[{"href":"https:\/\/ttre.be\/index.php\/wp-json\/wp\/v2\/types\/page"}],"author":[{"embeddable":true,"href":"https:\/\/ttre.be\/index.php\/wp-json\/wp\/v2\/users\/1"}],"replies":[{"embeddable":true,"href":"https:\/\/ttre.be\/index.php\/wp-json\/wp\/v2\/comments?post=659"}],"version-history":[{"count":12,"href":"https:\/\/ttre.be\/index.php\/wp-json\/wp\/v2\/pages\/659\/revisions"}],"predecessor-version":[{"id":2120,"href":"https:\/\/ttre.be\/index.php\/wp-json\/wp\/v2\/pages\/659\/revisions\/2120"}],"wp:attachment":[{"href":"https:\/\/ttre.be\/index.php\/wp-json\/wp\/v2\/media?parent=659"}],"curies":[{"name":"wp","href":"https:\/\/api.w.org\/{rel}","templated":true}]}}